{"id":2771,"date":"2025-10-18T08:26:05","date_gmt":"2025-10-18T08:26:05","guid":{"rendered":"https:\/\/todo-logistics.com\/?page_id=2771"},"modified":"2025-11-15T21:16:06","modified_gmt":"2025-11-15T21:16:06","slug":"transporte-maritimo","status":"publish","type":"page","link":"https:\/\/todo-logistics.com\/es\/transporte-maritimo\/","title":{"rendered":"Transporte Mar\u00edtimo"},"content":{"rendered":"<div data-elementor-type=\"wp-page\" data-elementor-id=\"2771\" class=\"elementor elementor-2771\">\n\t\t\t\t<div class=\"elementor-element elementor-element-5155c0b e-flex e-con-boxed e-con e-parent\" data-id=\"5155c0b\" data-element_type=\"container\" data-e-type=\"container\" data-settings=\"{&quot;background_background&quot;:&quot;classic&quot;}\">\n\t\t\t\t\t<div class=\"e-con-inner\">\n\t\t\t\t<div class=\"elementor-element elementor-element-2e59f33 elementor-widget elementor-widget-spacer\" data-id=\"2e59f33\" data-element_type=\"widget\" data-e-type=\"widget\" data-widget_type=\"spacer.default\">\n\t\t\t\t\t\t\t<div class=\"elementor-spacer\">\n\t\t\t<div class=\"elementor-spacer-inner\"><\/div>\n\t\t<\/div>\n\t\t\t\t\t\t<\/div>\n\t\t\t\t\t<\/div>\n\t\t\t\t<\/div>\n\t\t\t\t<section class=\"elementor-section elementor-top-section elementor-element elementor-element-fc50221 elementor-section-full_width elementor-section-height-default elementor-section-height-default\" data-id=\"fc50221\" data-element_type=\"section\" data-e-type=\"section\">\n\t\t\t\t\t\t<div class=\"elementor-container elementor-column-gap-default\">\n\t\t\t\t\t<div class=\"elementor-column elementor-col-100 elementor-top-column elementor-element elementor-element-60e8e2e\" data-id=\"60e8e2e\" data-element_type=\"column\" data-e-type=\"column\">\n\t\t\t<div class=\"elementor-widget-wrap elementor-element-populated\">\n\t\t\t\t\t\t<div class=\"elementor-element elementor-element-9f5b727 elementor-widget elementor-widget-spacer\" data-id=\"9f5b727\" data-element_type=\"widget\" data-e-type=\"widget\" data-widget_type=\"spacer.default\">\n\t\t\t\t\t\t\t<div class=\"elementor-spacer\">\n\t\t\t<div class=\"elementor-spacer-inner\"><\/div>\n\t\t<\/div>\n\t\t\t\t\t\t<\/div>\n\t\t\t\t<div class=\"elementor-element elementor-element-338aedc elementor-widget elementor-widget-heading\" data-id=\"338aedc\" data-element_type=\"widget\" data-e-type=\"widget\" data-widget_type=\"heading.default\">\n\t\t\t\t\t<h2 class=\"elementor-heading-title elementor-size-default\">Transporte Mar\u00edtimo<\/h2>\t\t\t\t<\/div>\n\t\t\t\t<div class=\"elementor-element elementor-element-3f6a094 elementor-widget elementor-widget-fastrans_service_details\" data-id=\"3f6a094\" data-element_type=\"widget\" data-e-type=\"widget\" data-widget_type=\"fastrans_service_details.default\">\n\t\t\t\t<div class=\"elementor-widget-container\">\n\t\t\t\t\t\t\n    <!-- Start of Service details section\n\t============================================= -->\n\t<section id=\"ft-service-details\" class=\"ft-service-details-section page-padding\">\n\t\t<div class=\"container\">\n\t\t\t<div class=\"ft-service-details-content\">\n\t\t\t\t<div class=\"row\">\n\t\t\t\t\t                    <div class=\"col-lg-12\">\n\t\t\t\t\t\t<div class=\"ft-service-details-content-wrapper headline pera-content\">\n\t\t\t\t\t\t\t<div class=\"ft-service-details-img-wrapper\">\n\t\t\t\t\t\t\t\t<div class=\"row\">\n\t\t\t\t\t\t\t\t\t                                    <div class=\"col-md-6\">\n\t\t\t\t\t\t\t\t\t\t<div class=\"ft-service-details-img\">\n\t\t\t\t\t\t\t\t\t\t\t<img decoding=\"async\" src=\"https:\/\/todo-logistics.com\/wp-content\/uploads\/2025\/10\/cargo-ship-sailing-through-ocean-scaled-e1761880908610.jpg\" alt=\"Awesome Image\">\n\t\t\t\t\t\t\t\t\t\t<\/div>\n\t\t\t\t\t\t\t\t\t<\/div>\n                                                                        \t\t\t\t\t\t\t\t\t<div class=\"col-md-6\">\n\t\t\t\t\t\t\t\t\t\t                                        <div class=\"ft-service-details-img\">\n\t\t\t\t\t\t\t\t\t\t\t<img decoding=\"async\" src=\"https:\/\/todo-logistics.com\/wp-content\/uploads\/2025\/10\/aerial-view-cargo-ship-cargo-container-harbor-scaled-e1761881031832.jpg\" alt=\"Awesome Image\">\n\t\t\t\t\t\t\t\t\t\t<\/div>\n                                                                                \t\t\t\t\t\t\t\t\t\t<div class=\"ft-service-details-img\">\n\t\t\t\t\t\t\t\t\t\t\t<img decoding=\"async\" src=\"https:\/\/todo-logistics.com\/wp-content\/uploads\/2025\/10\/aerial-view-container-cargo-ship-sea-1-scaled-e1761881009453.jpg\" alt=\"Awesome Image\">\n\t\t\t\t\t\t\t\t\t\t<\/div>\n                                        \t\t\t\t\t\t\t\t\t<\/div>\n                                    \t\t\t\t\t\t\t\t<\/div>\n\t\t\t\t\t\t\t<\/div>\n\t\t\t\t\t\t\t<div class=\"ft-service-details-text-wrapper\">\n\t\t\t\t\t\t\t\t<h3>Transporte Mar\u00edtimo<\/h3> \t\t\t\t\t\t\t\t\n\t\t\t\t\t\t\t\tNuestra divisi\u00f3n de Transporte Mar\u00edtimo Internacional est\u00e1 enfocada en ofrecer soluciones integrales de carga FCL (Full Container Load) desde y hacia cualquier parte del mundo. En TODO WORLD LOGISTICS trabajamos con navieras de prestigio internacional para garantizar seguridad, eficiencia y cumplimiento en los embarques. Coordinamos cada etapa de tu env\u00edo mar\u00edtimo con precisi\u00f3n: desde la consolidaci\u00f3n de carga, documentaci\u00f3n y despacho, hasta la entrega final. Tu comercio global merece un socio que te acompa\u00f1e con transparencia, experiencia y cobertura global real.\t\t\t\t\t\t\t\t\n\t\t\t\t\t\t\t\t                                <div class=\"ft-service-details-counter-wrapper\">\n\t\t\t\t\t\t\t\t\t<div class=\"row\">\n\t\t\t\t\t\t\t\t\t\t                                        <div class=\"col-md-6\">\n\t\t\t\t\t\t\t\t\t\t\t<div class=\"ft-service-details-counter-item d-flex align-items-center headline pera-content\">\n\t\t\t\t\t\t\t\t\t\t\t\t<div class=\"ft-service-details-count-icon\">\n\t\t\t\t\t\t\t\t\t\t\t\t\t<i class=\"fa fa-water\"><\/i>\n\t\t\t\t\t\t\t\t\t\t\t\t<\/div>\n\t\t\t\t\t\t\t\t\t\t\t\t<div class=\"ft-service-details-count-text\">\n\t\t\t\t\t\t\t\t\t\t\t\t\t<h4 class=\"title text-uppercase\">FULL CONTAINER LOAD<\/h4>\n\t\t\t\t\t\t\t\t\t\t\t\t\t<h4 class=\"count-number\"><span class=\"count\">FCL<\/span><\/h4>\n\t\t\t\t\t\t\t\t\t\t\t\t\t<p>Espacio de contenedor exclusivo para un solo cliente, que ofrece mayor control, seguridad y tiempos de tr\u00e1nsito m\u00e1s cortos.<\/p>\n\t\t\t\t\t\t\t\t\t\t\t\t<\/div>\n\t\t\t\t\t\t\t\t\t\t\t<\/div>\n\t\t\t\t\t\t\t\t\t\t<\/div>\n                                                                                <div class=\"col-md-6\">\n\t\t\t\t\t\t\t\t\t\t\t<div class=\"ft-service-details-counter-item d-flex align-items-center headline pera-content\">\n\t\t\t\t\t\t\t\t\t\t\t\t<div class=\"ft-service-details-count-icon\">\n\t\t\t\t\t\t\t\t\t\t\t\t\t<i class=\"flaticon-boat\"><\/i>\n\t\t\t\t\t\t\t\t\t\t\t\t<\/div>\n\t\t\t\t\t\t\t\t\t\t\t\t<div class=\"ft-service-details-count-text\">\n\t\t\t\t\t\t\t\t\t\t\t\t\t<h4 class=\"title text-uppercase\">Less than Container Load<\/h4>\n\t\t\t\t\t\t\t\t\t\t\t\t\t<h4 class=\"count-number\"><span class=\"count\">LCL<\/span><\/h4>\n\t\t\t\t\t\t\t\t\t\t\t\t\t<p>Opci\u00f3n de carga consolidada para env\u00edos m\u00e1s peque\u00f1os que comparten espacio en el contenedor, reduciendo costes.<\/p>\n\t\t\t\t\t\t\t\t\t\t\t\t<\/div>\n\t\t\t\t\t\t\t\t\t\t\t<\/div>\n\t\t\t\t\t\t\t\t\t\t<\/div>\n                                                                                <div class=\"col-md-6\">\n\t\t\t\t\t\t\t\t\t\t\t<div class=\"ft-service-details-counter-item d-flex align-items-center headline pera-content\">\n\t\t\t\t\t\t\t\t\t\t\t\t<div class=\"ft-service-details-count-icon\">\n\t\t\t\t\t\t\t\t\t\t\t\t\t<i class=\"fa fa-weight\"><\/i>\n\t\t\t\t\t\t\t\t\t\t\t\t<\/div>\n\t\t\t\t\t\t\t\t\t\t\t\t<div class=\"ft-service-details-count-text\">\n\t\t\t\t\t\t\t\t\t\t\t\t\t<h4 class=\"title text-uppercase\">Oversized Load<\/h4>\n\t\t\t\t\t\t\t\t\t\t\t\t\t<h4 class=\"count-number\"><span class=\"count\">OVS<\/span><\/h4>\n\t\t\t\t\t\t\t\t\t\t\t\t\t<p>Manipulaci\u00f3n de carga que excede las dimensiones est\u00e1ndar de los contenedores, requiriendo equipos o buques especiales.<\/p>\n\t\t\t\t\t\t\t\t\t\t\t\t<\/div>\n\t\t\t\t\t\t\t\t\t\t\t<\/div>\n\t\t\t\t\t\t\t\t\t\t<\/div>\n                                                                                <div class=\"col-md-6\">\n\t\t\t\t\t\t\t\t\t\t\t<div class=\"ft-service-details-counter-item d-flex align-items-center headline pera-content\">\n\t\t\t\t\t\t\t\t\t\t\t\t<div class=\"ft-service-details-count-icon\">\n\t\t\t\t\t\t\t\t\t\t\t\t\t<i class=\"fa fa-boxes\"><\/i>\n\t\t\t\t\t\t\t\t\t\t\t\t<\/div>\n\t\t\t\t\t\t\t\t\t\t\t\t<div class=\"ft-service-details-count-text\">\n\t\t\t\t\t\t\t\t\t\t\t\t\t<h4 class=\"title text-uppercase\">Break Bulk Cargo<\/h4>\n\t\t\t\t\t\t\t\t\t\t\t\t\t<h4 class=\"count-number\"><span class=\"count\"><\/span>BBK<\/h4>\n\t\t\t\t\t\t\t\t\t\t\t\t\t<p>Transporte de mercanc\u00edas pesadas o voluminosas que no pueden ser contenidas, como maquinaria, veh\u00edculos o materiales de construcci\u00f3n.<\/p>\n\t\t\t\t\t\t\t\t\t\t\t\t<\/div>\n\t\t\t\t\t\t\t\t\t\t\t<\/div>\n\t\t\t\t\t\t\t\t\t\t<\/div>\n                                        \t\t\t\t\t\t\t\t\t<\/div>\n\t\t\t\t\t\t\t\t<\/div>\n\t\t\t\t\t\t\t\t\t\t\t\t\t\t\t\t                                \t\t\t\t\t\t\t\t    \t\n\t\t\t\t\t\t\t<\/div>\n\t\t\t\t\t\t<\/div>\n\t\t\t\t\t<\/div>\n\t\t\t\t<\/div>\n\t\t\t<\/div>\n\t\t<\/div>\n\t<\/section>\t\n\t<!-- End of Service details section\n\t============================================= -->\n    \n    \t\t\t\t<\/div>\n\t\t\t\t<\/div>\n\t\t\t\t\t<\/div>\n\t\t<\/div>\n\t\t\t\t\t<\/div>\n\t\t<\/section>\n\t\t\t\t<\/div>","protected":false},"excerpt":{"rendered":"<p>Ocean Transport Ocean Transport Our International Ocean Transport division is focused on offering comprehensive FCL (Full Container Load) solutions to and from any part of the world. At TODO WORLD LOGISTICS, we work with internationally renowned shipping lines to ensure security, efficiency, and compliance on shipments. We coordinate every stage of your ocean shipment with [&hellip;]<\/p>\n","protected":false},"author":3,"featured_media":0,"parent":0,"menu_order":0,"comment_status":"closed","ping_status":"closed","template":"tpl-default-elementor.php","meta":{"footnotes":""},"class_list":["post-2771","page","type-page","status-publish","hentry"],"yoast_head":"<!-- This site is optimized with the Yoast SEO plugin v27.5 - https:\/\/yoast.com\/product\/yoast-seo-wordpress\/ -->\n<title>Ocean Transport - TODO Logistics<\/title>\n<meta name=\"robots\" content=\"index, follow, max-snippet:-1, max-image-preview:large, max-video-preview:-1\" \/>\n<link rel=\"canonical\" href=\"https:\/\/todo-logistics.com\/es\/transporte-maritimo\/\" \/>\n<meta property=\"og:locale\" content=\"es_MX\" \/>\n<meta property=\"og:type\" content=\"article\" \/>\n<meta property=\"og:title\" content=\"Ocean Transport - TODO Logistics\" \/>\n<meta property=\"og:description\" content=\"Ocean Transport Ocean Transport Our International Ocean Transport division is focused on offering comprehensive FCL (Full Container Load) solutions to and from any part of the world. At TODO WORLD LOGISTICS, we work with internationally renowned shipping lines to ensure security, efficiency, and compliance on shipments. We coordinate every stage of your ocean shipment with [&hellip;]\" \/>\n<meta property=\"og:url\" content=\"https:\/\/todo-logistics.com\/es\/transporte-maritimo\/\" \/>\n<meta property=\"og:site_name\" content=\"TODO Logistics\" \/>\n<meta property=\"article:modified_time\" content=\"2025-11-15T21:16:06+00:00\" \/>\n<meta property=\"og:image\" content=\"https:\/\/todo-logistics.com\/wp-content\/uploads\/2025\/10\/cargo-ship-sailing-through-ocean-scaled-e1761880908610.jpg\" \/>\n<meta name=\"twitter:card\" content=\"summary_large_image\" \/>\n<meta name=\"twitter:label1\" content=\"Tiempo de lectura\" \/>\n\t<meta name=\"twitter:data1\" content=\"2 minutos\" \/>\n<script type=\"application\/ld+json\" class=\"yoast-schema-graph\">{\"@context\":\"https:\\\/\\\/schema.org\",\"@graph\":[{\"@type\":\"WebPage\",\"@id\":\"https:\\\/\\\/todo-logistics.com\\\/transporte-maritimo\\\/\",\"url\":\"https:\\\/\\\/todo-logistics.com\\\/transporte-maritimo\\\/\",\"name\":\"Ocean Transport - TODO Logistics\",\"isPartOf\":{\"@id\":\"https:\\\/\\\/todo-logistics.com\\\/#website\"},\"primaryImageOfPage\":{\"@id\":\"https:\\\/\\\/todo-logistics.com\\\/transporte-maritimo\\\/#primaryimage\"},\"image\":{\"@id\":\"https:\\\/\\\/todo-logistics.com\\\/transporte-maritimo\\\/#primaryimage\"},\"thumbnailUrl\":\"https:\\\/\\\/todo-logistics.com\\\/wp-content\\\/uploads\\\/2025\\\/10\\\/cargo-ship-sailing-through-ocean-scaled-e1761880908610.jpg\",\"datePublished\":\"2025-10-18T08:26:05+00:00\",\"dateModified\":\"2025-11-15T21:16:06+00:00\",\"breadcrumb\":{\"@id\":\"https:\\\/\\\/todo-logistics.com\\\/transporte-maritimo\\\/#breadcrumb\"},\"inLanguage\":\"es\",\"potentialAction\":[{\"@type\":\"ReadAction\",\"target\":[\"https:\\\/\\\/todo-logistics.com\\\/transporte-maritimo\\\/\"]}]},{\"@type\":\"ImageObject\",\"inLanguage\":\"es\",\"@id\":\"https:\\\/\\\/todo-logistics.com\\\/transporte-maritimo\\\/#primaryimage\",\"url\":\"https:\\\/\\\/todo-logistics.com\\\/wp-content\\\/uploads\\\/2025\\\/10\\\/cargo-ship-sailing-through-ocean-scaled-e1761880908610.jpg\",\"contentUrl\":\"https:\\\/\\\/todo-logistics.com\\\/wp-content\\\/uploads\\\/2025\\\/10\\\/cargo-ship-sailing-through-ocean-scaled-e1761880908610.jpg\"},{\"@type\":\"BreadcrumbList\",\"@id\":\"https:\\\/\\\/todo-logistics.com\\\/transporte-maritimo\\\/#breadcrumb\",\"itemListElement\":[{\"@type\":\"ListItem\",\"position\":1,\"name\":\"Home\",\"item\":\"https:\\\/\\\/todo-logistics.com\\\/\"},{\"@type\":\"ListItem\",\"position\":2,\"name\":\"Ocean Transport\"}]},{\"@type\":\"WebSite\",\"@id\":\"https:\\\/\\\/todo-logistics.com\\\/#website\",\"url\":\"https:\\\/\\\/todo-logistics.com\\\/\",\"name\":\"TODO Logistics\",\"description\":\"Soluciones log\u00edsticas integrales que cruzan fronteras\",\"publisher\":{\"@id\":\"https:\\\/\\\/todo-logistics.com\\\/#organization\"},\"potentialAction\":[{\"@type\":\"SearchAction\",\"target\":{\"@type\":\"EntryPoint\",\"urlTemplate\":\"https:\\\/\\\/todo-logistics.com\\\/?s={search_term_string}\"},\"query-input\":{\"@type\":\"PropertyValueSpecification\",\"valueRequired\":true,\"valueName\":\"search_term_string\"}}],\"inLanguage\":\"es\"},{\"@type\":\"Organization\",\"@id\":\"https:\\\/\\\/todo-logistics.com\\\/#organization\",\"name\":\"TODO Logistics\",\"url\":\"https:\\\/\\\/todo-logistics.com\\\/\",\"logo\":{\"@type\":\"ImageObject\",\"inLanguage\":\"es\",\"@id\":\"https:\\\/\\\/todo-logistics.com\\\/#\\\/schema\\\/logo\\\/image\\\/\",\"url\":\"https:\\\/\\\/todo-logistics.com\\\/wp-content\\\/uploads\\\/2025\\\/10\\\/Favicon.png\",\"contentUrl\":\"https:\\\/\\\/todo-logistics.com\\\/wp-content\\\/uploads\\\/2025\\\/10\\\/Favicon.png\",\"width\":250,\"height\":250,\"caption\":\"TODO Logistics\"},\"image\":{\"@id\":\"https:\\\/\\\/todo-logistics.com\\\/#\\\/schema\\\/logo\\\/image\\\/\"}}]}<\/script>\n<!-- \/ Yoast SEO plugin. -->","yoast_head_json":{"title":"Ocean Transport - TODO Logistics","robots":{"index":"index","follow":"follow","max-snippet":"max-snippet:-1","max-image-preview":"max-image-preview:large","max-video-preview":"max-video-preview:-1"},"canonical":"https:\/\/todo-logistics.com\/es\/transporte-maritimo\/","og_locale":"es_MX","og_type":"article","og_title":"Ocean Transport - TODO Logistics","og_description":"Ocean Transport Ocean Transport Our International Ocean Transport division is focused on offering comprehensive FCL (Full Container Load) solutions to and from any part of the world. At TODO WORLD LOGISTICS, we work with internationally renowned shipping lines to ensure security, efficiency, and compliance on shipments. We coordinate every stage of your ocean shipment with [&hellip;]","og_url":"https:\/\/todo-logistics.com\/es\/transporte-maritimo\/","og_site_name":"TODO Logistics","article_modified_time":"2025-11-15T21:16:06+00:00","og_image":[{"url":"https:\/\/todo-logistics.com\/wp-content\/uploads\/2025\/10\/cargo-ship-sailing-through-ocean-scaled-e1761880908610.jpg","type":"","width":"","height":""}],"twitter_card":"summary_large_image","twitter_misc":{"Tiempo de lectura":"2 minutos"},"schema":{"@context":"https:\/\/schema.org","@graph":[{"@type":"WebPage","@id":"https:\/\/todo-logistics.com\/transporte-maritimo\/","url":"https:\/\/todo-logistics.com\/transporte-maritimo\/","name":"Ocean Transport - TODO Logistics","isPartOf":{"@id":"https:\/\/todo-logistics.com\/#website"},"primaryImageOfPage":{"@id":"https:\/\/todo-logistics.com\/transporte-maritimo\/#primaryimage"},"image":{"@id":"https:\/\/todo-logistics.com\/transporte-maritimo\/#primaryimage"},"thumbnailUrl":"https:\/\/todo-logistics.com\/wp-content\/uploads\/2025\/10\/cargo-ship-sailing-through-ocean-scaled-e1761880908610.jpg","datePublished":"2025-10-18T08:26:05+00:00","dateModified":"2025-11-15T21:16:06+00:00","breadcrumb":{"@id":"https:\/\/todo-logistics.com\/transporte-maritimo\/#breadcrumb"},"inLanguage":"es","potentialAction":[{"@type":"ReadAction","target":["https:\/\/todo-logistics.com\/transporte-maritimo\/"]}]},{"@type":"ImageObject","inLanguage":"es","@id":"https:\/\/todo-logistics.com\/transporte-maritimo\/#primaryimage","url":"https:\/\/todo-logistics.com\/wp-content\/uploads\/2025\/10\/cargo-ship-sailing-through-ocean-scaled-e1761880908610.jpg","contentUrl":"https:\/\/todo-logistics.com\/wp-content\/uploads\/2025\/10\/cargo-ship-sailing-through-ocean-scaled-e1761880908610.jpg"},{"@type":"BreadcrumbList","@id":"https:\/\/todo-logistics.com\/transporte-maritimo\/#breadcrumb","itemListElement":[{"@type":"ListItem","position":1,"name":"Home","item":"https:\/\/todo-logistics.com\/"},{"@type":"ListItem","position":2,"name":"Ocean Transport"}]},{"@type":"WebSite","@id":"https:\/\/todo-logistics.com\/#website","url":"https:\/\/todo-logistics.com\/","name":"TODO Logistics","description":"Soluciones log\u00edsticas integrales que cruzan fronteras","publisher":{"@id":"https:\/\/todo-logistics.com\/#organization"},"potentialAction":[{"@type":"SearchAction","target":{"@type":"EntryPoint","urlTemplate":"https:\/\/todo-logistics.com\/?s={search_term_string}"},"query-input":{"@type":"PropertyValueSpecification","valueRequired":true,"valueName":"search_term_string"}}],"inLanguage":"es"},{"@type":"Organization","@id":"https:\/\/todo-logistics.com\/#organization","name":"TODO Logistics","url":"https:\/\/todo-logistics.com\/","logo":{"@type":"ImageObject","inLanguage":"es","@id":"https:\/\/todo-logistics.com\/#\/schema\/logo\/image\/","url":"https:\/\/todo-logistics.com\/wp-content\/uploads\/2025\/10\/Favicon.png","contentUrl":"https:\/\/todo-logistics.com\/wp-content\/uploads\/2025\/10\/Favicon.png","width":250,"height":250,"caption":"TODO Logistics"},"image":{"@id":"https:\/\/todo-logistics.com\/#\/schema\/logo\/image\/"}}]}},"_links":{"self":[{"href":"https:\/\/todo-logistics.com\/es\/wp-json\/wp\/v2\/pages\/2771","targetHints":{"allow":["GET"]}}],"collection":[{"href":"https:\/\/todo-logistics.com\/es\/wp-json\/wp\/v2\/pages"}],"about":[{"href":"https:\/\/todo-logistics.com\/es\/wp-json\/wp\/v2\/types\/page"}],"author":[{"embeddable":true,"href":"https:\/\/todo-logistics.com\/es\/wp-json\/wp\/v2\/users\/3"}],"replies":[{"embeddable":true,"href":"https:\/\/todo-logistics.com\/es\/wp-json\/wp\/v2\/comments?post=2771"}],"version-history":[{"count":16,"href":"https:\/\/todo-logistics.com\/es\/wp-json\/wp\/v2\/pages\/2771\/revisions"}],"predecessor-version":[{"id":3178,"href":"https:\/\/todo-logistics.com\/es\/wp-json\/wp\/v2\/pages\/2771\/revisions\/3178"}],"wp:attachment":[{"href":"https:\/\/todo-logistics.com\/es\/wp-json\/wp\/v2\/media?parent=2771"}],"curies":[{"name":"wp","href":"https:\/\/api.w.org\/{rel}","templated":true}]}}