{"id":2781,"date":"2025-10-18T08:34:52","date_gmt":"2025-10-18T08:34:52","guid":{"rendered":"https:\/\/todo-logistics.com\/?page_id=2781"},"modified":"2025-11-15T21:18:03","modified_gmt":"2025-11-15T21:18:03","slug":"agencia-aduanal","status":"publish","type":"page","link":"https:\/\/todo-logistics.com\/es\/agencia-aduanal\/","title":{"rendered":"Agencia Aduanal"},"content":{"rendered":"<div data-elementor-type=\"wp-page\" data-elementor-id=\"2781\" class=\"elementor elementor-2781\">\n\t\t\t\t<div class=\"elementor-element elementor-element-5155c0b e-flex e-con-boxed e-con e-parent\" data-id=\"5155c0b\" data-element_type=\"container\" data-e-type=\"container\" data-settings=\"{&quot;background_background&quot;:&quot;classic&quot;}\">\n\t\t\t\t\t<div class=\"e-con-inner\">\n\t\t\t\t<div class=\"elementor-element elementor-element-2e59f33 elementor-widget elementor-widget-spacer\" data-id=\"2e59f33\" data-element_type=\"widget\" data-e-type=\"widget\" data-widget_type=\"spacer.default\">\n\t\t\t\t\t\t\t<div class=\"elementor-spacer\">\n\t\t\t<div class=\"elementor-spacer-inner\"><\/div>\n\t\t<\/div>\n\t\t\t\t\t\t<\/div>\n\t\t\t\t\t<\/div>\n\t\t\t\t<\/div>\n\t\t\t\t<section class=\"elementor-section elementor-top-section elementor-element elementor-element-fc50221 elementor-section-full_width elementor-section-height-default elementor-section-height-default\" data-id=\"fc50221\" data-element_type=\"section\" data-e-type=\"section\">\n\t\t\t\t\t\t<div class=\"elementor-container elementor-column-gap-default\">\n\t\t\t\t\t<div class=\"elementor-column elementor-col-100 elementor-top-column elementor-element elementor-element-60e8e2e\" data-id=\"60e8e2e\" data-element_type=\"column\" data-e-type=\"column\">\n\t\t\t<div class=\"elementor-widget-wrap elementor-element-populated\">\n\t\t\t\t\t\t<div class=\"elementor-element elementor-element-56bf186 elementor-widget elementor-widget-spacer\" data-id=\"56bf186\" data-element_type=\"widget\" data-e-type=\"widget\" data-widget_type=\"spacer.default\">\n\t\t\t\t\t\t\t<div class=\"elementor-spacer\">\n\t\t\t<div class=\"elementor-spacer-inner\"><\/div>\n\t\t<\/div>\n\t\t\t\t\t\t<\/div>\n\t\t\t\t<div class=\"elementor-element elementor-element-854410e elementor-widget elementor-widget-heading\" data-id=\"854410e\" data-element_type=\"widget\" data-e-type=\"widget\" data-widget_type=\"heading.default\">\n\t\t\t\t\t<h2 class=\"elementor-heading-title elementor-size-default\">Agencia Aduanal<\/h2>\t\t\t\t<\/div>\n\t\t\t\t<div class=\"elementor-element elementor-element-3f6a094 elementor-widget elementor-widget-fastrans_service_details\" data-id=\"3f6a094\" data-element_type=\"widget\" data-e-type=\"widget\" data-widget_type=\"fastrans_service_details.default\">\n\t\t\t\t<div class=\"elementor-widget-container\">\n\t\t\t\t\t\t\n    <!-- Start of Service details section\n\t============================================= -->\n\t<section id=\"ft-service-details\" class=\"ft-service-details-section page-padding\">\n\t\t<div class=\"container\">\n\t\t\t<div class=\"ft-service-details-content\">\n\t\t\t\t<div class=\"row\">\n\t\t\t\t\t                    <div class=\"col-lg-12\">\n\t\t\t\t\t\t<div class=\"ft-service-details-content-wrapper headline pera-content\">\n\t\t\t\t\t\t\t<div class=\"ft-service-details-img-wrapper\">\n\t\t\t\t\t\t\t\t<div class=\"row\">\n\t\t\t\t\t\t\t\t\t                                    <div class=\"col-md-6\">\n\t\t\t\t\t\t\t\t\t\t<div class=\"ft-service-details-img\">\n\t\t\t\t\t\t\t\t\t\t\t<img decoding=\"async\" src=\"https:\/\/todo-logistics.com\/wp-content\/uploads\/2025\/11\/full-length-man-using-smart-phone-scaled-e1762396405771.jpg\" alt=\"Awesome Image\">\n\t\t\t\t\t\t\t\t\t\t<\/div>\n\t\t\t\t\t\t\t\t\t<\/div>\n                                                                        \t\t\t\t\t\t\t\t\t<div class=\"col-md-6\">\n\t\t\t\t\t\t\t\t\t\t                                        <div class=\"ft-service-details-img\">\n\t\t\t\t\t\t\t\t\t\t\t<img decoding=\"async\" src=\"https:\/\/todo-logistics.com\/wp-content\/uploads\/2025\/11\/female-manager-with-headset-using-laptop-desk-warehouse-scaled-e1762396435547.jpg\" alt=\"Awesome Image\">\n\t\t\t\t\t\t\t\t\t\t<\/div>\n                                                                                \t\t\t\t\t\t\t\t\t\t<div class=\"ft-service-details-img\">\n\t\t\t\t\t\t\t\t\t\t\t<img decoding=\"async\" src=\"https:\/\/todo-logistics.com\/wp-content\/uploads\/2025\/11\/employees-working-warehouse-scaled-e1762396454960.jpg\" alt=\"Awesome Image\">\n\t\t\t\t\t\t\t\t\t\t<\/div>\n                                        \t\t\t\t\t\t\t\t\t<\/div>\n                                    \t\t\t\t\t\t\t\t<\/div>\n\t\t\t\t\t\t\t<\/div>\n\t\t\t\t\t\t\t<div class=\"ft-service-details-text-wrapper\">\n\t\t\t\t\t\t\t\t<h3>Agencia Aduanal<\/h3> \t\t\t\t\t\t\t\t\n\t\t\t\t\t\t\t\tNuestro equipo aduanal especializado facilita cruces fronterizos sin contratiempos, brindando asesor\u00eda t\u00e9cnica y regulatoria para el cumplimiento total de las normativas en M\u00e9xico y Estados Unidos. En TODO WORLD LOGISTICS gestionamos la clasificaci\u00f3n arancelaria, tr\u00e1mites aduanales y documentaci\u00f3n para asegurar una operaci\u00f3n fluida y sin retrasos. Nuestra doble presencia aduanal (MX-USA) nos permite ofrecer procesos m\u00e1s \u00e1giles, seguros y rentables. La eficiencia aduanal es clave para mantener la competitividad de tu cadena de suministro, y nosotros la convertimos en tu ventaja.\t\t\t\t\t\t\t\t\n\t\t\t\t\t\t\t\t                                <div class=\"ft-service-details-counter-wrapper\">\n\t\t\t\t\t\t\t\t\t<div class=\"row\">\n\t\t\t\t\t\t\t\t\t\t                                        <div class=\"col-md-6\">\n\t\t\t\t\t\t\t\t\t\t\t<div class=\"ft-service-details-counter-item d-flex align-items-center headline pera-content\">\n\t\t\t\t\t\t\t\t\t\t\t\t<div class=\"ft-service-details-count-icon\">\n\t\t\t\t\t\t\t\t\t\t\t\t\t<i class=\"fa fa-flag\"><\/i>\n\t\t\t\t\t\t\t\t\t\t\t\t<\/div>\n\t\t\t\t\t\t\t\t\t\t\t\t<div class=\"ft-service-details-count-text\">\n\t\t\t\t\t\t\t\t\t\t\t\t\t<h4 class=\"title text-uppercase\">Agente de aduanas de EE. UU.<\/h4>\n\t\t\t\t\t\t\t\t\t\t\t\t\t<h4 class=\"count-number\"><span class=\"count\">CUS-USA<\/span><\/h4>\n\t\t\t\t\t\t\t\t\t\t\t\t\t<p>Despacho de aduanas para importaciones y exportaciones dentro de los Estados Unidos, garantizando el pleno cumplimiento de las regulaciones de la CBP.<\/p>\n\t\t\t\t\t\t\t\t\t\t\t\t<\/div>\n\t\t\t\t\t\t\t\t\t\t\t<\/div>\n\t\t\t\t\t\t\t\t\t\t<\/div>\n                                                                                <div class=\"col-md-6\">\n\t\t\t\t\t\t\t\t\t\t\t<div class=\"ft-service-details-counter-item d-flex align-items-center headline pera-content\">\n\t\t\t\t\t\t\t\t\t\t\t\t<div class=\"ft-service-details-count-icon\">\n\t\t\t\t\t\t\t\t\t\t\t\t\t<i class=\"fa fa-flag\"><\/i>\n\t\t\t\t\t\t\t\t\t\t\t\t<\/div>\n\t\t\t\t\t\t\t\t\t\t\t\t<div class=\"ft-service-details-count-text\">\n\t\t\t\t\t\t\t\t\t\t\t\t\t<h4 class=\"title text-uppercase\">Agente de aduanas Mexicano<\/h4>\n\t\t\t\t\t\t\t\t\t\t\t\t\t<h4 class=\"count-number\"><span class=\"count\">CUS-MEX<\/span><\/h4>\n\t\t\t\t\t\t\t\t\t\t\t\t\t<p>Gesti\u00f3n y despacho aduanero de env\u00edos que entran o salen de M\u00e9xico, incluyendo documentaci\u00f3n y clasificaci\u00f3n arancelaria.<\/p>\n\t\t\t\t\t\t\t\t\t\t\t\t<\/div>\n\t\t\t\t\t\t\t\t\t\t\t<\/div>\n\t\t\t\t\t\t\t\t\t\t<\/div>\n                                        \t\t\t\t\t\t\t\t\t<\/div>\n\t\t\t\t\t\t\t\t<\/div>\n\t\t\t\t\t\t\t\t\t\t\t\t\t\t\t\t                                \t\t\t\t\t\t\t\t    \t\n\t\t\t\t\t\t\t<\/div>\n\t\t\t\t\t\t<\/div>\n\t\t\t\t\t<\/div>\n\t\t\t\t<\/div>\n\t\t\t<\/div>\n\t\t<\/div>\n\t<\/section>\t\n\t<!-- End of Service details section\n\t============================================= -->\n    \n    \t\t\t\t<\/div>\n\t\t\t\t<\/div>\n\t\t\t\t\t<\/div>\n\t\t<\/div>\n\t\t\t\t\t<\/div>\n\t\t<\/section>\n\t\t\t\t<\/div>","protected":false},"excerpt":{"rendered":"<p>Customs Brokerage Customs Brokerage Our specialized customs team facilitates seamless border crossings, providing technical and regulatory advisory for full compliance with regulations in Mexico and the United States. At TODO WORLD LOGISTICS, we manage tariff classification, customs procedures, and documentation to ensure a smooth operation without delays. Our dual customs presence (MX-USA) allows us to [&hellip;]<\/p>\n","protected":false},"author":3,"featured_media":0,"parent":0,"menu_order":0,"comment_status":"closed","ping_status":"closed","template":"tpl-default-elementor.php","meta":{"footnotes":""},"class_list":["post-2781","page","type-page","status-publish","hentry"],"yoast_head":"<!-- This site is optimized with the Yoast SEO plugin v27.5 - https:\/\/yoast.com\/product\/yoast-seo-wordpress\/ -->\n<title>Customs Brokerage - TODO Logistics<\/title>\n<meta name=\"robots\" content=\"index, follow, max-snippet:-1, max-image-preview:large, max-video-preview:-1\" \/>\n<link rel=\"canonical\" href=\"https:\/\/todo-logistics.com\/es\/agencia-aduanal\/\" \/>\n<meta property=\"og:locale\" content=\"es_MX\" \/>\n<meta property=\"og:type\" content=\"article\" \/>\n<meta property=\"og:title\" content=\"Customs Brokerage - TODO Logistics\" \/>\n<meta property=\"og:description\" content=\"Customs Brokerage Customs Brokerage Our specialized customs team facilitates seamless border crossings, providing technical and regulatory advisory for full compliance with regulations in Mexico and the United States. At TODO WORLD LOGISTICS, we manage tariff classification, customs procedures, and documentation to ensure a smooth operation without delays. Our dual customs presence (MX-USA) allows us to [&hellip;]\" \/>\n<meta property=\"og:url\" content=\"https:\/\/todo-logistics.com\/es\/agencia-aduanal\/\" \/>\n<meta property=\"og:site_name\" content=\"TODO Logistics\" \/>\n<meta property=\"article:modified_time\" content=\"2025-11-15T21:18:03+00:00\" \/>\n<meta property=\"og:image\" content=\"https:\/\/todo-logistics.com\/wp-content\/uploads\/2025\/11\/full-length-man-using-smart-phone-scaled-e1762396405771.jpg\" \/>\n<meta name=\"twitter:card\" content=\"summary_large_image\" \/>\n<meta name=\"twitter:label1\" content=\"Tiempo de lectura\" \/>\n\t<meta name=\"twitter:data1\" content=\"2 minutos\" \/>\n<script type=\"application\/ld+json\" class=\"yoast-schema-graph\">{\"@context\":\"https:\\\/\\\/schema.org\",\"@graph\":[{\"@type\":\"WebPage\",\"@id\":\"https:\\\/\\\/todo-logistics.com\\\/agencia-aduanal\\\/\",\"url\":\"https:\\\/\\\/todo-logistics.com\\\/agencia-aduanal\\\/\",\"name\":\"Customs Brokerage - TODO Logistics\",\"isPartOf\":{\"@id\":\"https:\\\/\\\/todo-logistics.com\\\/#website\"},\"primaryImageOfPage\":{\"@id\":\"https:\\\/\\\/todo-logistics.com\\\/agencia-aduanal\\\/#primaryimage\"},\"image\":{\"@id\":\"https:\\\/\\\/todo-logistics.com\\\/agencia-aduanal\\\/#primaryimage\"},\"thumbnailUrl\":\"https:\\\/\\\/todo-logistics.com\\\/wp-content\\\/uploads\\\/2025\\\/11\\\/full-length-man-using-smart-phone-scaled-e1762396405771.jpg\",\"datePublished\":\"2025-10-18T08:34:52+00:00\",\"dateModified\":\"2025-11-15T21:18:03+00:00\",\"breadcrumb\":{\"@id\":\"https:\\\/\\\/todo-logistics.com\\\/agencia-aduanal\\\/#breadcrumb\"},\"inLanguage\":\"es\",\"potentialAction\":[{\"@type\":\"ReadAction\",\"target\":[\"https:\\\/\\\/todo-logistics.com\\\/agencia-aduanal\\\/\"]}]},{\"@type\":\"ImageObject\",\"inLanguage\":\"es\",\"@id\":\"https:\\\/\\\/todo-logistics.com\\\/agencia-aduanal\\\/#primaryimage\",\"url\":\"https:\\\/\\\/todo-logistics.com\\\/wp-content\\\/uploads\\\/2025\\\/11\\\/full-length-man-using-smart-phone-scaled-e1762396405771.jpg\",\"contentUrl\":\"https:\\\/\\\/todo-logistics.com\\\/wp-content\\\/uploads\\\/2025\\\/11\\\/full-length-man-using-smart-phone-scaled-e1762396405771.jpg\"},{\"@type\":\"BreadcrumbList\",\"@id\":\"https:\\\/\\\/todo-logistics.com\\\/agencia-aduanal\\\/#breadcrumb\",\"itemListElement\":[{\"@type\":\"ListItem\",\"position\":1,\"name\":\"Home\",\"item\":\"https:\\\/\\\/todo-logistics.com\\\/\"},{\"@type\":\"ListItem\",\"position\":2,\"name\":\"Customs Brokerage\"}]},{\"@type\":\"WebSite\",\"@id\":\"https:\\\/\\\/todo-logistics.com\\\/#website\",\"url\":\"https:\\\/\\\/todo-logistics.com\\\/\",\"name\":\"TODO Logistics\",\"description\":\"Soluciones log\u00edsticas integrales que cruzan fronteras\",\"publisher\":{\"@id\":\"https:\\\/\\\/todo-logistics.com\\\/#organization\"},\"potentialAction\":[{\"@type\":\"SearchAction\",\"target\":{\"@type\":\"EntryPoint\",\"urlTemplate\":\"https:\\\/\\\/todo-logistics.com\\\/?s={search_term_string}\"},\"query-input\":{\"@type\":\"PropertyValueSpecification\",\"valueRequired\":true,\"valueName\":\"search_term_string\"}}],\"inLanguage\":\"es\"},{\"@type\":\"Organization\",\"@id\":\"https:\\\/\\\/todo-logistics.com\\\/#organization\",\"name\":\"TODO Logistics\",\"url\":\"https:\\\/\\\/todo-logistics.com\\\/\",\"logo\":{\"@type\":\"ImageObject\",\"inLanguage\":\"es\",\"@id\":\"https:\\\/\\\/todo-logistics.com\\\/#\\\/schema\\\/logo\\\/image\\\/\",\"url\":\"https:\\\/\\\/todo-logistics.com\\\/wp-content\\\/uploads\\\/2025\\\/10\\\/Favicon.png\",\"contentUrl\":\"https:\\\/\\\/todo-logistics.com\\\/wp-content\\\/uploads\\\/2025\\\/10\\\/Favicon.png\",\"width\":250,\"height\":250,\"caption\":\"TODO Logistics\"},\"image\":{\"@id\":\"https:\\\/\\\/todo-logistics.com\\\/#\\\/schema\\\/logo\\\/image\\\/\"}}]}<\/script>\n<!-- \/ Yoast SEO plugin. -->","yoast_head_json":{"title":"Customs Brokerage - TODO Logistics","robots":{"index":"index","follow":"follow","max-snippet":"max-snippet:-1","max-image-preview":"max-image-preview:large","max-video-preview":"max-video-preview:-1"},"canonical":"https:\/\/todo-logistics.com\/es\/agencia-aduanal\/","og_locale":"es_MX","og_type":"article","og_title":"Customs Brokerage - TODO Logistics","og_description":"Customs Brokerage Customs Brokerage Our specialized customs team facilitates seamless border crossings, providing technical and regulatory advisory for full compliance with regulations in Mexico and the United States. At TODO WORLD LOGISTICS, we manage tariff classification, customs procedures, and documentation to ensure a smooth operation without delays. Our dual customs presence (MX-USA) allows us to [&hellip;]","og_url":"https:\/\/todo-logistics.com\/es\/agencia-aduanal\/","og_site_name":"TODO Logistics","article_modified_time":"2025-11-15T21:18:03+00:00","og_image":[{"url":"https:\/\/todo-logistics.com\/wp-content\/uploads\/2025\/11\/full-length-man-using-smart-phone-scaled-e1762396405771.jpg","type":"","width":"","height":""}],"twitter_card":"summary_large_image","twitter_misc":{"Tiempo de lectura":"2 minutos"},"schema":{"@context":"https:\/\/schema.org","@graph":[{"@type":"WebPage","@id":"https:\/\/todo-logistics.com\/agencia-aduanal\/","url":"https:\/\/todo-logistics.com\/agencia-aduanal\/","name":"Customs Brokerage - TODO Logistics","isPartOf":{"@id":"https:\/\/todo-logistics.com\/#website"},"primaryImageOfPage":{"@id":"https:\/\/todo-logistics.com\/agencia-aduanal\/#primaryimage"},"image":{"@id":"https:\/\/todo-logistics.com\/agencia-aduanal\/#primaryimage"},"thumbnailUrl":"https:\/\/todo-logistics.com\/wp-content\/uploads\/2025\/11\/full-length-man-using-smart-phone-scaled-e1762396405771.jpg","datePublished":"2025-10-18T08:34:52+00:00","dateModified":"2025-11-15T21:18:03+00:00","breadcrumb":{"@id":"https:\/\/todo-logistics.com\/agencia-aduanal\/#breadcrumb"},"inLanguage":"es","potentialAction":[{"@type":"ReadAction","target":["https:\/\/todo-logistics.com\/agencia-aduanal\/"]}]},{"@type":"ImageObject","inLanguage":"es","@id":"https:\/\/todo-logistics.com\/agencia-aduanal\/#primaryimage","url":"https:\/\/todo-logistics.com\/wp-content\/uploads\/2025\/11\/full-length-man-using-smart-phone-scaled-e1762396405771.jpg","contentUrl":"https:\/\/todo-logistics.com\/wp-content\/uploads\/2025\/11\/full-length-man-using-smart-phone-scaled-e1762396405771.jpg"},{"@type":"BreadcrumbList","@id":"https:\/\/todo-logistics.com\/agencia-aduanal\/#breadcrumb","itemListElement":[{"@type":"ListItem","position":1,"name":"Home","item":"https:\/\/todo-logistics.com\/"},{"@type":"ListItem","position":2,"name":"Customs Brokerage"}]},{"@type":"WebSite","@id":"https:\/\/todo-logistics.com\/#website","url":"https:\/\/todo-logistics.com\/","name":"TODO Logistics","description":"Soluciones log\u00edsticas integrales que cruzan fronteras","publisher":{"@id":"https:\/\/todo-logistics.com\/#organization"},"potentialAction":[{"@type":"SearchAction","target":{"@type":"EntryPoint","urlTemplate":"https:\/\/todo-logistics.com\/?s={search_term_string}"},"query-input":{"@type":"PropertyValueSpecification","valueRequired":true,"valueName":"search_term_string"}}],"inLanguage":"es"},{"@type":"Organization","@id":"https:\/\/todo-logistics.com\/#organization","name":"TODO Logistics","url":"https:\/\/todo-logistics.com\/","logo":{"@type":"ImageObject","inLanguage":"es","@id":"https:\/\/todo-logistics.com\/#\/schema\/logo\/image\/","url":"https:\/\/todo-logistics.com\/wp-content\/uploads\/2025\/10\/Favicon.png","contentUrl":"https:\/\/todo-logistics.com\/wp-content\/uploads\/2025\/10\/Favicon.png","width":250,"height":250,"caption":"TODO Logistics"},"image":{"@id":"https:\/\/todo-logistics.com\/#\/schema\/logo\/image\/"}}]}},"_links":{"self":[{"href":"https:\/\/todo-logistics.com\/es\/wp-json\/wp\/v2\/pages\/2781","targetHints":{"allow":["GET"]}}],"collection":[{"href":"https:\/\/todo-logistics.com\/es\/wp-json\/wp\/v2\/pages"}],"about":[{"href":"https:\/\/todo-logistics.com\/es\/wp-json\/wp\/v2\/types\/page"}],"author":[{"embeddable":true,"href":"https:\/\/todo-logistics.com\/es\/wp-json\/wp\/v2\/users\/3"}],"replies":[{"embeddable":true,"href":"https:\/\/todo-logistics.com\/es\/wp-json\/wp\/v2\/comments?post=2781"}],"version-history":[{"count":22,"href":"https:\/\/todo-logistics.com\/es\/wp-json\/wp\/v2\/pages\/2781\/revisions"}],"predecessor-version":[{"id":3184,"href":"https:\/\/todo-logistics.com\/es\/wp-json\/wp\/v2\/pages\/2781\/revisions\/3184"}],"wp:attachment":[{"href":"https:\/\/todo-logistics.com\/es\/wp-json\/wp\/v2\/media?parent=2781"}],"curies":[{"name":"wp","href":"https:\/\/api.w.org\/{rel}","templated":true}]}}