{"id":2788,"date":"2025-10-18T08:37:48","date_gmt":"2025-10-18T08:37:48","guid":{"rendered":"https:\/\/todo-logistics.com\/?page_id=2788"},"modified":"2025-11-18T00:05:26","modified_gmt":"2025-11-18T00:05:26","slug":"almacen-en-mexico-y-usa","status":"publish","type":"page","link":"https:\/\/todo-logistics.com\/es\/almacen-en-mexico-y-usa\/","title":{"rendered":"Almac\u00e9n en M\u00e9xico y USA"},"content":{"rendered":"<div data-elementor-type=\"wp-page\" data-elementor-id=\"2788\" class=\"elementor elementor-2788\">\n\t\t\t\t<div class=\"elementor-element elementor-element-5155c0b e-flex e-con-boxed e-con e-parent\" data-id=\"5155c0b\" data-element_type=\"container\" data-e-type=\"container\" data-settings=\"{&quot;background_background&quot;:&quot;classic&quot;}\">\n\t\t\t\t\t<div class=\"e-con-inner\">\n\t\t\t\t<div class=\"elementor-element elementor-element-2e59f33 elementor-widget elementor-widget-spacer\" data-id=\"2e59f33\" data-element_type=\"widget\" data-e-type=\"widget\" data-widget_type=\"spacer.default\">\n\t\t\t\t\t\t\t<div class=\"elementor-spacer\">\n\t\t\t<div class=\"elementor-spacer-inner\"><\/div>\n\t\t<\/div>\n\t\t\t\t\t\t<\/div>\n\t\t\t\t\t<\/div>\n\t\t\t\t<\/div>\n\t\t\t\t<section class=\"elementor-section elementor-top-section elementor-element elementor-element-fc50221 elementor-section-full_width elementor-section-height-default elementor-section-height-default\" data-id=\"fc50221\" data-element_type=\"section\" data-e-type=\"section\">\n\t\t\t\t\t\t<div class=\"elementor-container elementor-column-gap-default\">\n\t\t\t\t\t<div class=\"elementor-column elementor-col-100 elementor-top-column elementor-element elementor-element-60e8e2e\" data-id=\"60e8e2e\" data-element_type=\"column\" data-e-type=\"column\">\n\t\t\t<div class=\"elementor-widget-wrap elementor-element-populated\">\n\t\t\t\t\t\t<div class=\"elementor-element elementor-element-840b82d elementor-widget elementor-widget-spacer\" data-id=\"840b82d\" data-element_type=\"widget\" data-e-type=\"widget\" data-widget_type=\"spacer.default\">\n\t\t\t\t\t\t\t<div class=\"elementor-spacer\">\n\t\t\t<div class=\"elementor-spacer-inner\"><\/div>\n\t\t<\/div>\n\t\t\t\t\t\t<\/div>\n\t\t\t\t<div class=\"elementor-element elementor-element-268bc5b elementor-widget elementor-widget-heading\" data-id=\"268bc5b\" data-element_type=\"widget\" data-e-type=\"widget\" data-widget_type=\"heading.default\">\n\t\t\t\t\t<h1 class=\"elementor-heading-title elementor-size-default\">Almac\u00e9n en M\u00e9xico y USA<\/h1>\t\t\t\t<\/div>\n\t\t\t\t<div class=\"elementor-element elementor-element-3f6a094 elementor-widget elementor-widget-fastrans_service_details\" data-id=\"3f6a094\" data-element_type=\"widget\" data-e-type=\"widget\" data-widget_type=\"fastrans_service_details.default\">\n\t\t\t\t<div class=\"elementor-widget-container\">\n\t\t\t\t\t\t\n    <!-- Start of Service details section\n\t============================================= -->\n\t<section id=\"ft-service-details\" class=\"ft-service-details-section page-padding\">\n\t\t<div class=\"container\">\n\t\t\t<div class=\"ft-service-details-content\">\n\t\t\t\t<div class=\"row\">\n\t\t\t\t\t                    <div class=\"col-lg-12\">\n\t\t\t\t\t\t<div class=\"ft-service-details-content-wrapper headline pera-content\">\n\t\t\t\t\t\t\t<div class=\"ft-service-details-img-wrapper\">\n\t\t\t\t\t\t\t\t<div class=\"row\">\n\t\t\t\t\t\t\t\t\t                                    <div class=\"col-md-6\">\n\t\t\t\t\t\t\t\t\t\t<div class=\"ft-service-details-img\">\n\t\t\t\t\t\t\t\t\t\t\t<img decoding=\"async\" src=\"https:\/\/todo-logistics.com\/wp-content\/uploads\/2025\/10\/rows-shelves-with-goods-boxes-modern-industry-warehouse-store-factory-warehouse-s-scaled-e1761875468777.jpg\" alt=\"Awesome Image\">\n\t\t\t\t\t\t\t\t\t\t<\/div>\n\t\t\t\t\t\t\t\t\t<\/div>\n                                                                        \t\t\t\t\t\t\t\t\t<div class=\"col-md-6\">\n\t\t\t\t\t\t\t\t\t\t                                        <div class=\"ft-service-details-img\">\n\t\t\t\t\t\t\t\t\t\t\t<img decoding=\"async\" src=\"https:\/\/todo-logistics.com\/wp-content\/uploads\/2025\/10\/highangle-shot-busy-construction-site-with-workers-machinery.jpg\" alt=\"Awesome Image\">\n\t\t\t\t\t\t\t\t\t\t<\/div>\n                                                                                \t\t\t\t\t\t\t\t\t\t<div class=\"ft-service-details-img\">\n\t\t\t\t\t\t\t\t\t\t\t<img decoding=\"async\" src=\"https:\/\/todo-logistics.com\/wp-content\/uploads\/2025\/10\/aerial-view-bustling-warehouse-with-parcels-conveyors-delivery-hub-operations-e1761876028959.jpg\" alt=\"Awesome Image\">\n\t\t\t\t\t\t\t\t\t\t<\/div>\n                                        \t\t\t\t\t\t\t\t\t<\/div>\n                                    \t\t\t\t\t\t\t\t<\/div>\n\t\t\t\t\t\t\t<\/div>\n\t\t\t\t\t\t\t<div class=\"ft-service-details-text-wrapper\">\n\t\t\t\t\t\t\t\t<h3>Almac\u00e9n en M\u00e9xico y USA<\/h3> \t\t\t\t\t\t\t\t\n\t\t\t\t\t\t\t\tOfrecemos soluciones estrat\u00e9gicas de almacenaje y distribuci\u00f3n en puntos clave de M\u00e9xico y Estados Unidos, con espacios dise\u00f1ados para satisfacer las demandas de diferentes industrias.\t\t\t\t\t\t\t\t\n\t\t\t\t\t\t\t\t                                <div class=\"ft-service-details-counter-wrapper\">\n\t\t\t\t\t\t\t\t\t<div class=\"row\">\n\t\t\t\t\t\t\t\t\t\t                                        <div class=\"col-md-6\">\n\t\t\t\t\t\t\t\t\t\t\t<div class=\"ft-service-details-counter-item d-flex align-items-center headline pera-content\">\n\t\t\t\t\t\t\t\t\t\t\t\t<div class=\"ft-service-details-count-icon\">\n\t\t\t\t\t\t\t\t\t\t\t\t\t<i class=\"fa fa-arrows-alt-v\"><\/i>\n\t\t\t\t\t\t\t\t\t\t\t\t<\/div>\n\t\t\t\t\t\t\t\t\t\t\t\t<div class=\"ft-service-details-count-text\">\n\t\t\t\t\t\t\t\t\t\t\t\t\t<h4 class=\"title text-uppercase\">CROSS-DOCK<\/h4>\n\t\t\t\t\t\t\t\t\t\t\t\t\t<h4 class=\"count-number\"><span class=\"count\">CRD<\/span><\/h4>\n\t\t\t\t\t\t\t\t\t\t\t\t\t<p>Transferencia r\u00e1pida de mercanc\u00edas desde el transporte de entrada al de salida con manipulaci\u00f3n m\u00ednima y sin almacenamiento a largo plazo.<\/p>\n\t\t\t\t\t\t\t\t\t\t\t\t<\/div>\n\t\t\t\t\t\t\t\t\t\t\t<\/div>\n\t\t\t\t\t\t\t\t\t\t<\/div>\n                                                                                <div class=\"col-md-6\">\n\t\t\t\t\t\t\t\t\t\t\t<div class=\"ft-service-details-counter-item d-flex align-items-center headline pera-content\">\n\t\t\t\t\t\t\t\t\t\t\t\t<div class=\"ft-service-details-count-icon\">\n\t\t\t\t\t\t\t\t\t\t\t\t\t<i class=\"flaticon-logistics\"><\/i>\n\t\t\t\t\t\t\t\t\t\t\t\t<\/div>\n\t\t\t\t\t\t\t\t\t\t\t\t<div class=\"ft-service-details-count-text\">\n\t\t\t\t\t\t\t\t\t\t\t\t\t<h4 class=\"title text-uppercase\">STORAGE<\/h4>\n\t\t\t\t\t\t\t\t\t\t\t\t\t<h4 class=\"count-number\"><span class=\"count\">STG<\/span><\/h4>\n\t\t\t\t\t\t\t\t\t\t\t\t\t<p>Soluciones de almacenamiento seguro a corto o largo plazo con gesti\u00f3n completa del inventario y monitorizaci\u00f3n 24\/7.<\/p>\n\t\t\t\t\t\t\t\t\t\t\t\t<\/div>\n\t\t\t\t\t\t\t\t\t\t\t<\/div>\n\t\t\t\t\t\t\t\t\t\t<\/div>\n                                                                                <div class=\"col-md-6\">\n\t\t\t\t\t\t\t\t\t\t\t<div class=\"ft-service-details-counter-item d-flex align-items-center headline pera-content\">\n\t\t\t\t\t\t\t\t\t\t\t\t<div class=\"ft-service-details-count-icon\">\n\t\t\t\t\t\t\t\t\t\t\t\t\t<i class=\"fa fa-box\"><\/i>\n\t\t\t\t\t\t\t\t\t\t\t\t<\/div>\n\t\t\t\t\t\t\t\t\t\t\t\t<div class=\"ft-service-details-count-text\">\n\t\t\t\t\t\t\t\t\t\t\t\t\t<h4 class=\"title text-uppercase\">IN &amp; OUT HANDLING<\/h4>\n\t\t\t\t\t\t\t\t\t\t\t\t\t<h4 class=\"count-number\"><span class=\"count\">INO<\/span><\/h4>\n\t\t\t\t\t\t\t\t\t\t\t\t\t<p>Recepci\u00f3n eficiente de mercanc\u00edas entrantes y despacho de mercanc\u00edas salientes con tiempos de respuesta optimizados.<\/p>\n\t\t\t\t\t\t\t\t\t\t\t\t<\/div>\n\t\t\t\t\t\t\t\t\t\t\t<\/div>\n\t\t\t\t\t\t\t\t\t\t<\/div>\n                                                                                <div class=\"col-md-6\">\n\t\t\t\t\t\t\t\t\t\t\t<div class=\"ft-service-details-counter-item d-flex align-items-center headline pera-content\">\n\t\t\t\t\t\t\t\t\t\t\t\t<div class=\"ft-service-details-count-icon\">\n\t\t\t\t\t\t\t\t\t\t\t\t\t<i class=\"fa fa-warehouse\"><\/i>\n\t\t\t\t\t\t\t\t\t\t\t\t<\/div>\n\t\t\t\t\t\t\t\t\t\t\t\t<div class=\"ft-service-details-count-text\">\n\t\t\t\t\t\t\t\t\t\t\t\t\t<h4 class=\"title text-uppercase\">BONDED WAREHOUSE<\/h4>\n\t\t\t\t\t\t\t\t\t\t\t\t\t<h4 class=\"count-number\"><span class=\"count\">BND<\/span><\/h4>\n\t\t\t\t\t\t\t\t\t\t\t\t\t<p>Instalaci\u00f3n de almacenamiento autorizada por la aduana para mercanc\u00edas importadas en espera de pago de derechos o despacho de aduana.<\/p>\n\t\t\t\t\t\t\t\t\t\t\t\t<\/div>\n\t\t\t\t\t\t\t\t\t\t\t<\/div>\n\t\t\t\t\t\t\t\t\t\t<\/div>\n                                                                                <div class=\"col-md-6\">\n\t\t\t\t\t\t\t\t\t\t\t<div class=\"ft-service-details-counter-item d-flex align-items-center headline pera-content\">\n\t\t\t\t\t\t\t\t\t\t\t\t<div class=\"ft-service-details-count-icon\">\n\t\t\t\t\t\t\t\t\t\t\t\t\t<i class=\"fa fa-language\"><\/i>\n\t\t\t\t\t\t\t\t\t\t\t\t<\/div>\n\t\t\t\t\t\t\t\t\t\t\t\t<div class=\"ft-service-details-count-text\">\n\t\t\t\t\t\t\t\t\t\t\t\t\t<h4 class=\"title text-uppercase\">FOREIGN TRADE ZONE<\/h4>\n\t\t\t\t\t\t\t\t\t\t\t\t\t<h4 class=\"count-number\"><span class=\"count\"><\/span>FTZ<\/h4>\n\t\t\t\t\t\t\t\t\t\t\t\t\t<p>Zona designada para el almacenamiento, procesamiento y ensamblaje libres de impuestos de productos importados antes de su entrada en los mercados nacionales.<\/p>\n\t\t\t\t\t\t\t\t\t\t\t\t<\/div>\n\t\t\t\t\t\t\t\t\t\t\t<\/div>\n\t\t\t\t\t\t\t\t\t\t<\/div>\n                                                                                <div class=\"col-md-6\">\n\t\t\t\t\t\t\t\t\t\t\t<div class=\"ft-service-details-counter-item d-flex align-items-center headline pera-content\">\n\t\t\t\t\t\t\t\t\t\t\t\t<div class=\"ft-service-details-count-icon\">\n\t\t\t\t\t\t\t\t\t\t\t\t\t<i class=\"\"><\/i>\n\t\t\t\t\t\t\t\t\t\t\t\t<\/div>\n\t\t\t\t\t\t\t\t\t\t\t\t<div class=\"ft-service-details-count-text\">\n\t\t\t\t\t\t\t\t\t\t\t\t\t<h4 class=\"title text-uppercase\">Servicio en nuestro almac\u00e9n<\/h4>\n\t\t\t\t\t\t\t\t\t\t\t\t\t<h4 class=\"count-number\"><span class=\"count\">IMMEX \/ IVA-IEPS<\/span><\/h4>\n\t\t\t\t\t\t\t\t\t\t\t\t\t<p>Nuestro almac\u00e9n opera bajo el Programa IMMEX y cuenta con la Certificaci\u00f3n IVA-IEPS, permitiendo que tus mercanc\u00edas ingresen sin pagar IVA ni IEPS mientras permanezcan bajo nuestra custodia.<\/p>\n\t\t\t\t\t\t\t\t\t\t\t\t<\/div>\n\t\t\t\t\t\t\t\t\t\t\t<\/div>\n\t\t\t\t\t\t\t\t\t\t<\/div>\n                                        \t\t\t\t\t\t\t\t\t<\/div>\n\t\t\t\t\t\t\t\t<\/div>\n\t\t\t\t\t\t\t\t\t\t\t\t\t\t\t\t                                \t\t\t\t\t\t\t\t    \t\n\t\t\t\t\t\t\t<\/div>\n\t\t\t\t\t\t<\/div>\n\t\t\t\t\t<\/div>\n\t\t\t\t<\/div>\n\t\t\t<\/div>\n\t\t<\/div>\n\t<\/section>\t\n\t<!-- End of Service details section\n\t============================================= -->\n    \n    \t\t\t\t<\/div>\n\t\t\t\t<\/div>\n\t\t\t\t\t<\/div>\n\t\t<\/div>\n\t\t\t\t\t<\/div>\n\t\t<\/section>\n\t\t\t\t<\/div>","protected":false},"excerpt":{"rendered":"<p>Warehouse in Mexico and USA Warehouse in Mexico and USA We offer strategic warehousing and distribution solutions at key points in Mexico and the United States, with spaces designed to meet the demands of different industries. CROSS-DOCK CRD Rapid transfer of goods from inbound to outbound transport with minimal handling and no long-term storage. STORAGE [&hellip;]<\/p>\n","protected":false},"author":3,"featured_media":0,"parent":0,"menu_order":0,"comment_status":"closed","ping_status":"closed","template":"tpl-default-elementor.php","meta":{"footnotes":""},"class_list":["post-2788","page","type-page","status-publish","hentry"],"yoast_head":"<!-- This site is optimized with the Yoast SEO plugin v27.5 - https:\/\/yoast.com\/product\/yoast-seo-wordpress\/ -->\n<title>Warehouse in Mexico and USA - TODO Logistics<\/title>\n<meta name=\"robots\" content=\"index, follow, max-snippet:-1, max-image-preview:large, max-video-preview:-1\" \/>\n<link rel=\"canonical\" href=\"https:\/\/todo-logistics.com\/es\/almacen-en-mexico-y-usa\/\" \/>\n<meta property=\"og:locale\" content=\"es_MX\" \/>\n<meta property=\"og:type\" content=\"article\" \/>\n<meta property=\"og:title\" content=\"Warehouse in Mexico and USA - TODO Logistics\" \/>\n<meta property=\"og:description\" content=\"Warehouse in Mexico and USA Warehouse in Mexico and USA We offer strategic warehousing and distribution solutions at key points in Mexico and the United States, with spaces designed to meet the demands of different industries. CROSS-DOCK CRD Rapid transfer of goods from inbound to outbound transport with minimal handling and no long-term storage. STORAGE [&hellip;]\" \/>\n<meta property=\"og:url\" content=\"https:\/\/todo-logistics.com\/es\/almacen-en-mexico-y-usa\/\" \/>\n<meta property=\"og:site_name\" content=\"TODO Logistics\" \/>\n<meta property=\"article:modified_time\" content=\"2025-11-18T00:05:26+00:00\" \/>\n<meta property=\"og:image\" content=\"https:\/\/todo-logistics.com\/wp-content\/uploads\/2025\/10\/rows-shelves-with-goods-boxes-modern-industry-warehouse-store-factory-warehouse-s-scaled-e1761875468777.jpg\" \/>\n<meta name=\"twitter:card\" content=\"summary_large_image\" \/>\n<meta name=\"twitter:label1\" content=\"Tiempo de lectura\" \/>\n\t<meta name=\"twitter:data1\" content=\"2 minutos\" \/>\n<script type=\"application\/ld+json\" class=\"yoast-schema-graph\">{\"@context\":\"https:\\\/\\\/schema.org\",\"@graph\":[{\"@type\":\"WebPage\",\"@id\":\"https:\\\/\\\/todo-logistics.com\\\/almacen-en-mexico-y-usa\\\/\",\"url\":\"https:\\\/\\\/todo-logistics.com\\\/almacen-en-mexico-y-usa\\\/\",\"name\":\"Warehouse in Mexico and USA - TODO Logistics\",\"isPartOf\":{\"@id\":\"https:\\\/\\\/todo-logistics.com\\\/#website\"},\"primaryImageOfPage\":{\"@id\":\"https:\\\/\\\/todo-logistics.com\\\/almacen-en-mexico-y-usa\\\/#primaryimage\"},\"image\":{\"@id\":\"https:\\\/\\\/todo-logistics.com\\\/almacen-en-mexico-y-usa\\\/#primaryimage\"},\"thumbnailUrl\":\"https:\\\/\\\/todo-logistics.com\\\/wp-content\\\/uploads\\\/2025\\\/10\\\/rows-shelves-with-goods-boxes-modern-industry-warehouse-store-factory-warehouse-s-scaled-e1761875468777.jpg\",\"datePublished\":\"2025-10-18T08:37:48+00:00\",\"dateModified\":\"2025-11-18T00:05:26+00:00\",\"breadcrumb\":{\"@id\":\"https:\\\/\\\/todo-logistics.com\\\/almacen-en-mexico-y-usa\\\/#breadcrumb\"},\"inLanguage\":\"es\",\"potentialAction\":[{\"@type\":\"ReadAction\",\"target\":[\"https:\\\/\\\/todo-logistics.com\\\/almacen-en-mexico-y-usa\\\/\"]}]},{\"@type\":\"ImageObject\",\"inLanguage\":\"es\",\"@id\":\"https:\\\/\\\/todo-logistics.com\\\/almacen-en-mexico-y-usa\\\/#primaryimage\",\"url\":\"https:\\\/\\\/todo-logistics.com\\\/wp-content\\\/uploads\\\/2025\\\/10\\\/rows-shelves-with-goods-boxes-modern-industry-warehouse-store-factory-warehouse-s-scaled-e1761875468777.jpg\",\"contentUrl\":\"https:\\\/\\\/todo-logistics.com\\\/wp-content\\\/uploads\\\/2025\\\/10\\\/rows-shelves-with-goods-boxes-modern-industry-warehouse-store-factory-warehouse-s-scaled-e1761875468777.jpg\"},{\"@type\":\"BreadcrumbList\",\"@id\":\"https:\\\/\\\/todo-logistics.com\\\/almacen-en-mexico-y-usa\\\/#breadcrumb\",\"itemListElement\":[{\"@type\":\"ListItem\",\"position\":1,\"name\":\"Home\",\"item\":\"https:\\\/\\\/todo-logistics.com\\\/\"},{\"@type\":\"ListItem\",\"position\":2,\"name\":\"Warehouse in Mexico and USA\"}]},{\"@type\":\"WebSite\",\"@id\":\"https:\\\/\\\/todo-logistics.com\\\/#website\",\"url\":\"https:\\\/\\\/todo-logistics.com\\\/\",\"name\":\"TODO Logistics\",\"description\":\"Soluciones log\u00edsticas integrales que cruzan fronteras\",\"publisher\":{\"@id\":\"https:\\\/\\\/todo-logistics.com\\\/#organization\"},\"potentialAction\":[{\"@type\":\"SearchAction\",\"target\":{\"@type\":\"EntryPoint\",\"urlTemplate\":\"https:\\\/\\\/todo-logistics.com\\\/?s={search_term_string}\"},\"query-input\":{\"@type\":\"PropertyValueSpecification\",\"valueRequired\":true,\"valueName\":\"search_term_string\"}}],\"inLanguage\":\"es\"},{\"@type\":\"Organization\",\"@id\":\"https:\\\/\\\/todo-logistics.com\\\/#organization\",\"name\":\"TODO Logistics\",\"url\":\"https:\\\/\\\/todo-logistics.com\\\/\",\"logo\":{\"@type\":\"ImageObject\",\"inLanguage\":\"es\",\"@id\":\"https:\\\/\\\/todo-logistics.com\\\/#\\\/schema\\\/logo\\\/image\\\/\",\"url\":\"https:\\\/\\\/todo-logistics.com\\\/wp-content\\\/uploads\\\/2025\\\/10\\\/Favicon.png\",\"contentUrl\":\"https:\\\/\\\/todo-logistics.com\\\/wp-content\\\/uploads\\\/2025\\\/10\\\/Favicon.png\",\"width\":250,\"height\":250,\"caption\":\"TODO Logistics\"},\"image\":{\"@id\":\"https:\\\/\\\/todo-logistics.com\\\/#\\\/schema\\\/logo\\\/image\\\/\"}}]}<\/script>\n<!-- \/ Yoast SEO plugin. -->","yoast_head_json":{"title":"Warehouse in Mexico and USA - TODO Logistics","robots":{"index":"index","follow":"follow","max-snippet":"max-snippet:-1","max-image-preview":"max-image-preview:large","max-video-preview":"max-video-preview:-1"},"canonical":"https:\/\/todo-logistics.com\/es\/almacen-en-mexico-y-usa\/","og_locale":"es_MX","og_type":"article","og_title":"Warehouse in Mexico and USA - TODO Logistics","og_description":"Warehouse in Mexico and USA Warehouse in Mexico and USA We offer strategic warehousing and distribution solutions at key points in Mexico and the United States, with spaces designed to meet the demands of different industries. CROSS-DOCK CRD Rapid transfer of goods from inbound to outbound transport with minimal handling and no long-term storage. STORAGE [&hellip;]","og_url":"https:\/\/todo-logistics.com\/es\/almacen-en-mexico-y-usa\/","og_site_name":"TODO Logistics","article_modified_time":"2025-11-18T00:05:26+00:00","og_image":[{"url":"https:\/\/todo-logistics.com\/wp-content\/uploads\/2025\/10\/rows-shelves-with-goods-boxes-modern-industry-warehouse-store-factory-warehouse-s-scaled-e1761875468777.jpg","type":"","width":"","height":""}],"twitter_card":"summary_large_image","twitter_misc":{"Tiempo de lectura":"2 minutos"},"schema":{"@context":"https:\/\/schema.org","@graph":[{"@type":"WebPage","@id":"https:\/\/todo-logistics.com\/almacen-en-mexico-y-usa\/","url":"https:\/\/todo-logistics.com\/almacen-en-mexico-y-usa\/","name":"Warehouse in Mexico and USA - TODO Logistics","isPartOf":{"@id":"https:\/\/todo-logistics.com\/#website"},"primaryImageOfPage":{"@id":"https:\/\/todo-logistics.com\/almacen-en-mexico-y-usa\/#primaryimage"},"image":{"@id":"https:\/\/todo-logistics.com\/almacen-en-mexico-y-usa\/#primaryimage"},"thumbnailUrl":"https:\/\/todo-logistics.com\/wp-content\/uploads\/2025\/10\/rows-shelves-with-goods-boxes-modern-industry-warehouse-store-factory-warehouse-s-scaled-e1761875468777.jpg","datePublished":"2025-10-18T08:37:48+00:00","dateModified":"2025-11-18T00:05:26+00:00","breadcrumb":{"@id":"https:\/\/todo-logistics.com\/almacen-en-mexico-y-usa\/#breadcrumb"},"inLanguage":"es","potentialAction":[{"@type":"ReadAction","target":["https:\/\/todo-logistics.com\/almacen-en-mexico-y-usa\/"]}]},{"@type":"ImageObject","inLanguage":"es","@id":"https:\/\/todo-logistics.com\/almacen-en-mexico-y-usa\/#primaryimage","url":"https:\/\/todo-logistics.com\/wp-content\/uploads\/2025\/10\/rows-shelves-with-goods-boxes-modern-industry-warehouse-store-factory-warehouse-s-scaled-e1761875468777.jpg","contentUrl":"https:\/\/todo-logistics.com\/wp-content\/uploads\/2025\/10\/rows-shelves-with-goods-boxes-modern-industry-warehouse-store-factory-warehouse-s-scaled-e1761875468777.jpg"},{"@type":"BreadcrumbList","@id":"https:\/\/todo-logistics.com\/almacen-en-mexico-y-usa\/#breadcrumb","itemListElement":[{"@type":"ListItem","position":1,"name":"Home","item":"https:\/\/todo-logistics.com\/"},{"@type":"ListItem","position":2,"name":"Warehouse in Mexico and USA"}]},{"@type":"WebSite","@id":"https:\/\/todo-logistics.com\/#website","url":"https:\/\/todo-logistics.com\/","name":"TODO Logistics","description":"Soluciones log\u00edsticas integrales que cruzan fronteras","publisher":{"@id":"https:\/\/todo-logistics.com\/#organization"},"potentialAction":[{"@type":"SearchAction","target":{"@type":"EntryPoint","urlTemplate":"https:\/\/todo-logistics.com\/?s={search_term_string}"},"query-input":{"@type":"PropertyValueSpecification","valueRequired":true,"valueName":"search_term_string"}}],"inLanguage":"es"},{"@type":"Organization","@id":"https:\/\/todo-logistics.com\/#organization","name":"TODO Logistics","url":"https:\/\/todo-logistics.com\/","logo":{"@type":"ImageObject","inLanguage":"es","@id":"https:\/\/todo-logistics.com\/#\/schema\/logo\/image\/","url":"https:\/\/todo-logistics.com\/wp-content\/uploads\/2025\/10\/Favicon.png","contentUrl":"https:\/\/todo-logistics.com\/wp-content\/uploads\/2025\/10\/Favicon.png","width":250,"height":250,"caption":"TODO Logistics"},"image":{"@id":"https:\/\/todo-logistics.com\/#\/schema\/logo\/image\/"}}]}},"_links":{"self":[{"href":"https:\/\/todo-logistics.com\/es\/wp-json\/wp\/v2\/pages\/2788","targetHints":{"allow":["GET"]}}],"collection":[{"href":"https:\/\/todo-logistics.com\/es\/wp-json\/wp\/v2\/pages"}],"about":[{"href":"https:\/\/todo-logistics.com\/es\/wp-json\/wp\/v2\/types\/page"}],"author":[{"embeddable":true,"href":"https:\/\/todo-logistics.com\/es\/wp-json\/wp\/v2\/users\/3"}],"replies":[{"embeddable":true,"href":"https:\/\/todo-logistics.com\/es\/wp-json\/wp\/v2\/comments?post=2788"}],"version-history":[{"count":25,"href":"https:\/\/todo-logistics.com\/es\/wp-json\/wp\/v2\/pages\/2788\/revisions"}],"predecessor-version":[{"id":3214,"href":"https:\/\/todo-logistics.com\/es\/wp-json\/wp\/v2\/pages\/2788\/revisions\/3214"}],"wp:attachment":[{"href":"https:\/\/todo-logistics.com\/es\/wp-json\/wp\/v2\/media?parent=2788"}],"curies":[{"name":"wp","href":"https:\/\/api.w.org\/{rel}","templated":true}]}}